{"id":720,"date":"2023-11-13T23:49:58","date_gmt":"2023-11-13T22:49:58","guid":{"rendered":"https:\/\/grupovnieto.com\/?page_id=720"},"modified":"2023-11-14T19:44:23","modified_gmt":"2023-11-14T18:44:23","slug":"biodegradables","status":"publish","type":"page","link":"https:\/\/grupovnieto.com\/?page_id=720","title":{"rendered":"Biodegradables"},"content":{"rendered":"\t\t<div data-elementor-type=\"wp-page\" data-elementor-id=\"720\" class=\"elementor elementor-720\" data-elementor-post-type=\"page\">\n\t\t\t\t\t\t<section class=\"elementor-section elementor-top-section elementor-element elementor-element-3d08d4b6 elementor-section-stretched elementor-section-height-min-height elementor-section-boxed elementor-section-height-default elementor-section-items-middle\" data-id=\"3d08d4b6\" data-element_type=\"section\" data-settings=\"{&quot;stretch_section&quot;:&quot;section-stretched&quot;,&quot;background_background&quot;:&quot;classic&quot;}\">\n\t\t\t\t\t\t\t<div class=\"elementor-background-overlay\"><\/div>\n\t\t\t\t\t\t\t<div class=\"elementor-container elementor-column-gap-default\">\n\t\t\t\t\t<div class=\"elementor-column elementor-col-100 elementor-top-column elementor-element elementor-element-1ae254d2\" data-id=\"1ae254d2\" data-element_type=\"column\">\n\t\t\t<div class=\"elementor-widget-wrap elementor-element-populated\">\n\t\t\t\t\t\t<div class=\"elementor-element elementor-element-3b7788d7 elementor-invisible elementor-widget elementor-widget-heading\" data-id=\"3b7788d7\" data-element_type=\"widget\" data-settings=\"{&quot;_animation&quot;:&quot;fadeInDown&quot;}\" data-widget_type=\"heading.default\">\n\t\t\t\t<div class=\"elementor-widget-container\">\n\t\t\t\t\t<span class=\"elementor-heading-title elementor-size-default\">SUSTENTABILIDAD PARA LA INDUSTRIA PL\u00c1STICA\n<\/span>\t\t\t\t<\/div>\n\t\t\t\t<\/div>\n\t\t\t\t\t<\/div>\n\t\t<\/div>\n\t\t\t\t\t<\/div>\n\t\t<\/section>\n\t\t\t\t<section class=\"elementor-section elementor-top-section elementor-element elementor-element-663da2c9 elementor-reverse-tablet elementor-reverse-mobile elementor-section-boxed elementor-section-height-default elementor-section-height-default elementor-invisible\" data-id=\"663da2c9\" data-element_type=\"section\" data-settings=\"{&quot;background_background&quot;:&quot;classic&quot;,&quot;animation&quot;:&quot;fadeIn&quot;}\">\n\t\t\t\t\t\t<div class=\"elementor-container elementor-column-gap-default\">\n\t\t\t\t\t<div class=\"elementor-column elementor-col-50 elementor-top-column elementor-element elementor-element-17485317\" data-id=\"17485317\" data-element_type=\"column\" data-settings=\"{&quot;background_background&quot;:&quot;classic&quot;}\">\n\t\t\t<div class=\"elementor-widget-wrap elementor-element-populated\">\n\t\t\t\t\t\t<div class=\"elementor-element elementor-element-782c5088 elementor-widget elementor-widget-image\" data-id=\"782c5088\" data-element_type=\"widget\" data-widget_type=\"image.default\">\n\t\t\t\t<div class=\"elementor-widget-container\">\n\t\t\t\t\t\t\t\t\t\t\t\t\t\t\t<img fetchpriority=\"high\" decoding=\"async\" width=\"1024\" height=\"1024\" src=\"https:\/\/grupovnieto.com\/wp-content\/uploads\/2023\/11\/elemento-diseno-icono-reciclaje-verde-1024x1024.jpg\" class=\"attachment-large size-large wp-image-750\" alt=\"\" srcset=\"https:\/\/grupovnieto.com\/wp-content\/uploads\/2023\/11\/elemento-diseno-icono-reciclaje-verde-1024x1024.jpg 1024w, https:\/\/grupovnieto.com\/wp-content\/uploads\/2023\/11\/elemento-diseno-icono-reciclaje-verde-300x300.jpg 300w, https:\/\/grupovnieto.com\/wp-content\/uploads\/2023\/11\/elemento-diseno-icono-reciclaje-verde-150x150.jpg 150w, https:\/\/grupovnieto.com\/wp-content\/uploads\/2023\/11\/elemento-diseno-icono-reciclaje-verde-768x768.jpg 768w, https:\/\/grupovnieto.com\/wp-content\/uploads\/2023\/11\/elemento-diseno-icono-reciclaje-verde-1536x1536.jpg 1536w, https:\/\/grupovnieto.com\/wp-content\/uploads\/2023\/11\/elemento-diseno-icono-reciclaje-verde-2048x2048.jpg 2048w\" sizes=\"(max-width: 1024px) 100vw, 1024px\" \/>\t\t\t\t\t\t\t\t\t\t\t\t\t\t\t<\/div>\n\t\t\t\t<\/div>\n\t\t\t\t\t<\/div>\n\t\t<\/div>\n\t\t\t\t<div class=\"elementor-column elementor-col-50 elementor-top-column elementor-element elementor-element-4405e550\" data-id=\"4405e550\" data-element_type=\"column\">\n\t\t\t<div class=\"elementor-widget-wrap elementor-element-populated\">\n\t\t\t\t\t\t<div class=\"elementor-element elementor-element-26f330ed elementor-invisible elementor-widget elementor-widget-heading\" data-id=\"26f330ed\" data-element_type=\"widget\" data-settings=\"{&quot;_animation&quot;:&quot;fadeIn&quot;}\" data-widget_type=\"heading.default\">\n\t\t\t\t<div class=\"elementor-widget-container\">\n\t\t\t\t\t<h2 class=\"elementor-heading-title elementor-size-default\">Productos biodegradables<\/h2>\t\t\t\t<\/div>\n\t\t\t\t<\/div>\n\t\t\t\t<div class=\"elementor-element elementor-element-3db3165 elementor-widget elementor-widget-text-editor\" data-id=\"3db3165\" data-element_type=\"widget\" data-widget_type=\"text-editor.default\">\n\t\t\t\t<div class=\"elementor-widget-container\">\n\t\t\t\t\t\t\t\t\t<p>Hemos transformado la inyecci\u00f3n del pl\u00e1stico para dejar claro nuestro compromiso con el medio ambiente mediante la mezcla de pl\u00e1sticos con resinas y aditivos biodegradables, buscando otro tipo de alternativas para reducir el impacto en nuestro medio ambiente.<\/p><p>En la inyecci\u00f3n de pl\u00e1stico, los materiales biodegradables se utilizan para fabricar productos que pueden descomponerse en el medio ambiente sin dejar residuos t\u00f3xicos.<\/p>\t\t\t\t\t\t\t\t<\/div>\n\t\t\t\t<\/div>\n\t\t\t\t\t<\/div>\n\t\t<\/div>\n\t\t\t\t\t<\/div>\n\t\t<\/section>\n\t\t\t\t<section class=\"elementor-section elementor-top-section elementor-element elementor-element-2c248752 elementor-section-stretched elementor-section-full_width elementor-section-height-default elementor-section-height-default\" data-id=\"2c248752\" data-element_type=\"section\" data-settings=\"{&quot;stretch_section&quot;:&quot;section-stretched&quot;}\">\n\t\t\t\t\t\t<div class=\"elementor-container elementor-column-gap-default\">\n\t\t\t\t\t<div class=\"elementor-column elementor-col-50 elementor-top-column elementor-element elementor-element-536b02c8\" data-id=\"536b02c8\" data-element_type=\"column\">\n\t\t\t<div class=\"elementor-widget-wrap elementor-element-populated\">\n\t\t\t\t\t\t<section class=\"elementor-section elementor-inner-section elementor-element elementor-element-60998ef0 elementor-section-boxed elementor-section-height-default elementor-section-height-default\" data-id=\"60998ef0\" data-element_type=\"section\">\n\t\t\t\t\t\t<div class=\"elementor-container elementor-column-gap-default\">\n\t\t\t\t\t<div class=\"elementor-column elementor-col-100 elementor-inner-column elementor-element elementor-element-2411bcee\" data-id=\"2411bcee\" data-element_type=\"column\">\n\t\t\t<div class=\"elementor-widget-wrap elementor-element-populated\">\n\t\t\t\t\t\t<div class=\"elementor-element elementor-element-4d3043ad elementor-widget elementor-widget-text-editor\" data-id=\"4d3043ad\" data-element_type=\"widget\" data-widget_type=\"text-editor.default\">\n\t\t\t\t<div class=\"elementor-widget-container\">\n\t\t\t\t\t\t\t\t\t<p>El uso de compuestos y resinas naturales biodegradables en la industria de inyecci\u00f3n de pl\u00e1stico es una tendencia creciente, por lo que en Grupo VNieto apostamos por la fabricaci\u00f3n de productos biodegradables para reducir su impacto en el medio ambiente.<br \/>Podemos realizar cualquier tipo de proyecto biodegradable de tu inter\u00e9s, buscando la mejor alternativa para tu producto cuidando nuestro ecosistema.<\/p>\t\t\t\t\t\t\t\t<\/div>\n\t\t\t\t<\/div>\n\t\t\t\t\t<\/div>\n\t\t<\/div>\n\t\t\t\t\t<\/div>\n\t\t<\/section>\n\t\t\t\t\t<\/div>\n\t\t<\/div>\n\t\t\t\t<div class=\"elementor-column elementor-col-50 elementor-top-column elementor-element elementor-element-6178b082\" data-id=\"6178b082\" data-element_type=\"column\" data-settings=\"{&quot;background_background&quot;:&quot;classic&quot;}\">\n\t\t\t<div class=\"elementor-widget-wrap elementor-element-populated\">\n\t\t\t\t\t\t<div class=\"elementor-element elementor-element-ba84594 elementor-widget elementor-widget-image\" data-id=\"ba84594\" data-element_type=\"widget\" data-widget_type=\"image.default\">\n\t\t\t\t<div class=\"elementor-widget-container\">\n\t\t\t\t\t\t\t\t\t\t\t\t\t\t\t<img decoding=\"async\" width=\"1024\" height=\"1024\" src=\"https:\/\/grupovnieto.com\/wp-content\/uploads\/2023\/11\/grupo-empresarios-que-trabajan-ahorro-energia-lugar-trabajo-1024x1024.jpg\" class=\"attachment-large size-large wp-image-773\" alt=\"\" srcset=\"https:\/\/grupovnieto.com\/wp-content\/uploads\/2023\/11\/grupo-empresarios-que-trabajan-ahorro-energia-lugar-trabajo-1024x1024.jpg 1024w, https:\/\/grupovnieto.com\/wp-content\/uploads\/2023\/11\/grupo-empresarios-que-trabajan-ahorro-energia-lugar-trabajo-300x300.jpg 300w, https:\/\/grupovnieto.com\/wp-content\/uploads\/2023\/11\/grupo-empresarios-que-trabajan-ahorro-energia-lugar-trabajo-150x150.jpg 150w, https:\/\/grupovnieto.com\/wp-content\/uploads\/2023\/11\/grupo-empresarios-que-trabajan-ahorro-energia-lugar-trabajo-768x768.jpg 768w, https:\/\/grupovnieto.com\/wp-content\/uploads\/2023\/11\/grupo-empresarios-que-trabajan-ahorro-energia-lugar-trabajo-1536x1536.jpg 1536w, https:\/\/grupovnieto.com\/wp-content\/uploads\/2023\/11\/grupo-empresarios-que-trabajan-ahorro-energia-lugar-trabajo-2048x2048.jpg 2048w\" sizes=\"(max-width: 1024px) 100vw, 1024px\" \/>\t\t\t\t\t\t\t\t\t\t\t\t\t\t\t<\/div>\n\t\t\t\t<\/div>\n\t\t\t\t\t<\/div>\n\t\t<\/div>\n\t\t\t\t\t<\/div>\n\t\t<\/section>\n\t\t\t\t<section class=\"elementor-section elementor-top-section elementor-element elementor-element-66b84dd0 elementor-section-boxed elementor-section-height-default elementor-section-height-default\" data-id=\"66b84dd0\" data-element_type=\"section\" data-settings=\"{&quot;background_background&quot;:&quot;classic&quot;}\">\n\t\t\t\t\t\t\t<div class=\"elementor-background-overlay\"><\/div>\n\t\t\t\t\t\t\t<div class=\"elementor-container elementor-column-gap-no\">\n\t\t\t\t\t<div class=\"elementor-column elementor-col-100 elementor-top-column elementor-element elementor-element-624e34a5\" data-id=\"624e34a5\" data-element_type=\"column\">\n\t\t\t<div class=\"elementor-widget-wrap elementor-element-populated\">\n\t\t\t\t\t\t<div class=\"elementor-element elementor-element-7b45d5f8 elementor-invisible elementor-widget elementor-widget-heading\" data-id=\"7b45d5f8\" data-element_type=\"widget\" data-settings=\"{&quot;_animation&quot;:&quot;fadeIn&quot;}\" data-widget_type=\"heading.default\">\n\t\t\t\t<div class=\"elementor-widget-container\">\n\t\t\t\t\t<h2 class=\"elementor-heading-title elementor-size-default\">Los materiales biodegradables ofrecen una serie de ventajas frente a los pl\u00e1sticos tradicionales.\n<\/h2>\t\t\t\t<\/div>\n\t\t\t\t<\/div>\n\t\t\t\t<section class=\"elementor-section elementor-inner-section elementor-element elementor-element-2881f73 elementor-section-full_width elementor-section-height-default elementor-section-height-default\" data-id=\"2881f73\" data-element_type=\"section\" data-settings=\"{&quot;background_background&quot;:&quot;classic&quot;}\">\n\t\t\t\t\t\t<div class=\"elementor-container elementor-column-gap-default\">\n\t\t\t\t\t<div class=\"elementor-column elementor-col-33 elementor-inner-column elementor-element elementor-element-5394dcdc elementor-hidden-tablet elementor-hidden-phone elementor-invisible\" data-id=\"5394dcdc\" data-element_type=\"column\" data-settings=\"{&quot;background_background&quot;:&quot;classic&quot;,&quot;animation&quot;:&quot;fadeIn&quot;}\">\n\t\t\t<div class=\"elementor-widget-wrap elementor-element-populated\">\n\t\t\t\t\t<div class=\"elementor-background-overlay\"><\/div>\n\t\t\t\t\t\t<div class=\"elementor-element elementor-element-19bed174 elementor-view-default elementor-widget elementor-widget-icon\" data-id=\"19bed174\" data-element_type=\"widget\" data-widget_type=\"icon.default\">\n\t\t\t\t<div class=\"elementor-widget-container\">\n\t\t\t\t\t\t\t<div class=\"elementor-icon-wrapper\">\n\t\t\t<div class=\"elementor-icon\">\n\t\t\t<i aria-hidden=\"true\" class=\"fas fa-check\"><\/i>\t\t\t<\/div>\n\t\t<\/div>\n\t\t\t\t\t\t<\/div>\n\t\t\t\t<\/div>\n\t\t\t\t<div class=\"elementor-element elementor-element-2abd8009 elementor-invisible elementor-widget elementor-widget-heading\" data-id=\"2abd8009\" data-element_type=\"widget\" data-settings=\"{&quot;_animation&quot;:&quot;fadeIn&quot;}\" data-widget_type=\"heading.default\">\n\t\t\t\t<div class=\"elementor-widget-container\">\n\t\t\t\t\t<h3 class=\"elementor-heading-title elementor-size-default\">Reducen la contaminaci\u00f3n del medio ambiente:\u00a0Al descomponerse en el medio ambiente, los materiales biodegradables no generan residuos t\u00f3xicos.\n<\/h3>\t\t\t\t<\/div>\n\t\t\t\t<\/div>\n\t\t\t\t\t<\/div>\n\t\t<\/div>\n\t\t\t\t<div class=\"elementor-column elementor-col-33 elementor-inner-column elementor-element elementor-element-446f850c elementor-hidden-tablet elementor-hidden-phone elementor-invisible\" data-id=\"446f850c\" data-element_type=\"column\" data-settings=\"{&quot;background_background&quot;:&quot;classic&quot;,&quot;animation&quot;:&quot;fadeIn&quot;}\">\n\t\t\t<div class=\"elementor-widget-wrap elementor-element-populated\">\n\t\t\t\t\t<div class=\"elementor-background-overlay\"><\/div>\n\t\t\t\t\t\t<div class=\"elementor-element elementor-element-19fd0352 elementor-view-default elementor-widget elementor-widget-icon\" data-id=\"19fd0352\" data-element_type=\"widget\" data-widget_type=\"icon.default\">\n\t\t\t\t<div class=\"elementor-widget-container\">\n\t\t\t\t\t\t\t<div class=\"elementor-icon-wrapper\">\n\t\t\t<div class=\"elementor-icon\">\n\t\t\t<i aria-hidden=\"true\" class=\"fas fa-recycle\"><\/i>\t\t\t<\/div>\n\t\t<\/div>\n\t\t\t\t\t\t<\/div>\n\t\t\t\t<\/div>\n\t\t\t\t<div class=\"elementor-element elementor-element-1b5dbaa elementor-invisible elementor-widget elementor-widget-heading\" data-id=\"1b5dbaa\" data-element_type=\"widget\" data-settings=\"{&quot;_animation&quot;:&quot;fadeIn&quot;}\" data-widget_type=\"heading.default\">\n\t\t\t\t<div class=\"elementor-widget-container\">\n\t\t\t\t\t<h3 class=\"elementor-heading-title elementor-size-default\">Son m\u00e1s sostenibles:\u00a0Los materiales biodegradables se producen a partir de materias primas renovables.\n<\/h3>\t\t\t\t<\/div>\n\t\t\t\t<\/div>\n\t\t\t\t\t<\/div>\n\t\t<\/div>\n\t\t\t\t<div class=\"elementor-column elementor-col-33 elementor-inner-column elementor-element elementor-element-6ed8bf7a elementor-hidden-tablet elementor-hidden-phone elementor-invisible\" data-id=\"6ed8bf7a\" data-element_type=\"column\" data-settings=\"{&quot;background_background&quot;:&quot;classic&quot;,&quot;animation&quot;:&quot;fadeIn&quot;}\">\n\t\t\t<div class=\"elementor-widget-wrap elementor-element-populated\">\n\t\t\t\t\t<div class=\"elementor-background-overlay\"><\/div>\n\t\t\t\t\t\t<div class=\"elementor-element elementor-element-332db78c elementor-hidden-tablet elementor-view-default elementor-widget elementor-widget-icon\" data-id=\"332db78c\" data-element_type=\"widget\" data-widget_type=\"icon.default\">\n\t\t\t\t<div class=\"elementor-widget-container\">\n\t\t\t\t\t\t\t<div class=\"elementor-icon-wrapper\">\n\t\t\t<div class=\"elementor-icon\">\n\t\t\t<i aria-hidden=\"true\" class=\"fas fa-hand-holding-heart\"><\/i>\t\t\t<\/div>\n\t\t<\/div>\n\t\t\t\t\t\t<\/div>\n\t\t\t\t<\/div>\n\t\t\t\t<div class=\"elementor-element elementor-element-6735639d elementor-invisible elementor-widget elementor-widget-heading\" data-id=\"6735639d\" data-element_type=\"widget\" data-settings=\"{&quot;_animation&quot;:&quot;fadeIn&quot;}\" data-widget_type=\"heading.default\">\n\t\t\t\t<div class=\"elementor-widget-container\">\n\t\t\t\t\t<h3 class=\"elementor-heading-title elementor-size-default\">Son m\u00e1s seguros:\u00a0Los materiales biodegradables son biocompatibles y no suponen un riesgo para la salud humana.\n<\/h3>\t\t\t\t<\/div>\n\t\t\t\t<\/div>\n\t\t\t\t\t<\/div>\n\t\t<\/div>\n\t\t\t\t\t<\/div>\n\t\t<\/section>\n\t\t\t\t\t<\/div>\n\t\t<\/div>\n\t\t\t\t\t<\/div>\n\t\t<\/section>\n\t\t\t\t<\/div>\n\t\t","protected":false},"excerpt":{"rendered":"<p>SUSTENTABILIDAD PARA LA INDUSTRIA PL\u00c1STICA Productos biodegradables Hemos transformado la inyecci\u00f3n del pl\u00e1stico para dejar claro nuestro compromiso con el medio ambiente mediante la mezcla de pl\u00e1sticos con resinas y aditivos biodegradables, buscando otro tipo de alternativas para reducir el impacto en nuestro medio ambiente. En la inyecci\u00f3n de pl\u00e1stico, los materiales biodegradables se utilizan &hellip;<\/p>\n<p class=\"read-more\"> <a class=\"\" href=\"https:\/\/grupovnieto.com\/?page_id=720\"> <span class=\"screen-reader-text\">Biodegradables<\/span> Read More &raquo;<\/a><\/p>\n","protected":false},"author":1,"featured_media":0,"parent":0,"menu_order":0,"comment_status":"closed","ping_status":"closed","template":"","meta":{"site-sidebar-layout":"no-sidebar","site-content-layout":"","ast-site-content-layout":"full-width-container","site-content-style":"default","site-sidebar-style":"default","ast-global-header-display":"","ast-banner-title-visibility":"","ast-main-header-display":"","ast-hfb-above-header-display":"","ast-hfb-below-header-display":"","ast-hfb-mobile-header-display":"","site-post-title":"disabled","ast-breadcrumbs-content":"","ast-featured-img":"disabled","footer-sml-layout":"","theme-transparent-header-meta":"","adv-header-id-meta":"","stick-header-meta":"","header-above-stick-meta":"","header-main-stick-meta":"","header-below-stick-meta":"","astra-migrate-meta-layouts":"default","ast-page-background-enabled":"default","ast-page-background-meta":{"desktop":{"background-color":"var(--ast-global-color-4)","background-image":"","background-repeat":"repeat","background-position":"center center","background-size":"auto","background-attachment":"scroll","background-type":"","background-media":"","overlay-type":"","overlay-color":"","overlay-gradient":""},"tablet":{"background-color":"","background-image":"","background-repeat":"repeat","background-position":"center center","background-size":"auto","background-attachment":"scroll","background-type":"","background-media":"","overlay-type":"","overlay-color":"","overlay-gradient":""},"mobile":{"background-color":"","background-image":"","background-repeat":"repeat","background-position":"center center","background-size":"auto","background-attachment":"scroll","background-type":"","background-media":"","overlay-type":"","overlay-color":"","overlay-gradient":""}},"ast-content-background-meta":{"desktop":{"background-color":"var(--ast-global-color-5)","background-image":"","background-repeat":"repeat","background-position":"center center","background-size":"auto","background-attachment":"scroll","background-type":"","background-media":"","overlay-type":"","overlay-color":"","overlay-gradient":""},"tablet":{"background-color":"var(--ast-global-color-5)","background-image":"","background-repeat":"repeat","background-position":"center center","background-size":"auto","background-attachment":"scroll","background-type":"","background-media":"","overlay-type":"","overlay-color":"","overlay-gradient":""},"mobile":{"background-color":"var(--ast-global-color-5)","background-image":"","background-repeat":"repeat","background-position":"center center","background-size":"auto","background-attachment":"scroll","background-type":"","background-media":"","overlay-type":"","overlay-color":"","overlay-gradient":""}},"_joinchat":[],"footnotes":""},"class_list":["post-720","page","type-page","status-publish","hentry"],"_links":{"self":[{"href":"https:\/\/grupovnieto.com\/index.php?rest_route=\/wp\/v2\/pages\/720","targetHints":{"allow":["GET"]}}],"collection":[{"href":"https:\/\/grupovnieto.com\/index.php?rest_route=\/wp\/v2\/pages"}],"about":[{"href":"https:\/\/grupovnieto.com\/index.php?rest_route=\/wp\/v2\/types\/page"}],"author":[{"embeddable":true,"href":"https:\/\/grupovnieto.com\/index.php?rest_route=\/wp\/v2\/users\/1"}],"replies":[{"embeddable":true,"href":"https:\/\/grupovnieto.com\/index.php?rest_route=%2Fwp%2Fv2%2Fcomments&post=720"}],"version-history":[{"count":64,"href":"https:\/\/grupovnieto.com\/index.php?rest_route=\/wp\/v2\/pages\/720\/revisions"}],"predecessor-version":[{"id":813,"href":"https:\/\/grupovnieto.com\/index.php?rest_route=\/wp\/v2\/pages\/720\/revisions\/813"}],"wp:attachment":[{"href":"https:\/\/grupovnieto.com\/index.php?rest_route=%2Fwp%2Fv2%2Fmedia&parent=720"}],"curies":[{"name":"wp","href":"https:\/\/api.w.org\/{rel}","templated":true}]}}