{"id":11,"date":"2023-10-13T01:43:07","date_gmt":"2023-10-12T23:43:07","guid":{"rendered":"https:\/\/grupovnieto.com\/?page_id=11"},"modified":"2023-11-06T14:54:13","modified_gmt":"2023-11-06T13:54:13","slug":"nosotros","status":"publish","type":"page","link":"https:\/\/grupovnieto.com\/?page_id=11","title":{"rendered":"Nosotros"},"content":{"rendered":"\t\t<div data-elementor-type=\"wp-page\" data-elementor-id=\"11\" class=\"elementor elementor-11\" data-elementor-post-type=\"page\">\n\t\t\t\t<div class=\"elementor-element elementor-element-fd1ed31 e-con-full e-flex e-con e-parent\" data-id=\"fd1ed31\" data-element_type=\"container\" data-settings=\"{&quot;background_background&quot;:&quot;classic&quot;}\">\n\t\t<div class=\"elementor-element elementor-element-ba616e3 e-con-full e-flex e-con e-child\" data-id=\"ba616e3\" data-element_type=\"container\">\n\t\t\t\t<div class=\"elementor-element elementor-element-ac14b1d elementor-widget elementor-widget-image\" data-id=\"ac14b1d\" data-element_type=\"widget\" data-widget_type=\"image.default\">\n\t\t\t\t<div class=\"elementor-widget-container\">\n\t\t\t\t\t\t\t\t\t\t\t\t\t\t\t<img fetchpriority=\"high\" decoding=\"async\" width=\"1080\" height=\"855\" src=\"https:\/\/grupovnieto.com\/wp-content\/uploads\/2023\/10\/logo-VNieto-1.png\" class=\"attachment-full size-full wp-image-115\" alt=\"\" srcset=\"https:\/\/grupovnieto.com\/wp-content\/uploads\/2023\/10\/logo-VNieto-1.png 1080w, https:\/\/grupovnieto.com\/wp-content\/uploads\/2023\/10\/logo-VNieto-1-300x238.png 300w, https:\/\/grupovnieto.com\/wp-content\/uploads\/2023\/10\/logo-VNieto-1-1024x811.png 1024w, https:\/\/grupovnieto.com\/wp-content\/uploads\/2023\/10\/logo-VNieto-1-768x608.png 768w\" sizes=\"(max-width: 1080px) 100vw, 1080px\" \/>\t\t\t\t\t\t\t\t\t\t\t\t\t\t\t<\/div>\n\t\t\t\t<\/div>\n\t\t\t\t<\/div>\n\t\t<div class=\"elementor-element elementor-element-a9fe777 e-con-full e-flex e-con e-child\" data-id=\"a9fe777\" data-element_type=\"container\">\n\t\t\t\t<div class=\"elementor-element elementor-element-e392dbc elementor-invisible elementor-widget elementor-widget-heading\" data-id=\"e392dbc\" data-element_type=\"widget\" data-settings=\"{&quot;_animation&quot;:&quot;fadeIn&quot;}\" data-widget_type=\"heading.default\">\n\t\t\t\t<div class=\"elementor-widget-container\">\n\t\t\t\t\t<h2 class=\"elementor-heading-title elementor-size-default\">\u00bfQui\u00e9nes somos?<\/h2>\t\t\t\t<\/div>\n\t\t\t\t<\/div>\n\t\t\t\t<div class=\"elementor-element elementor-element-982781a elementor-widget elementor-widget-spacer\" data-id=\"982781a\" data-element_type=\"widget\" data-widget_type=\"spacer.default\">\n\t\t\t\t<div class=\"elementor-widget-container\">\n\t\t\t\t\t\t\t<div class=\"elementor-spacer\">\n\t\t\t<div class=\"elementor-spacer-inner\"><\/div>\n\t\t<\/div>\n\t\t\t\t\t\t<\/div>\n\t\t\t\t<\/div>\n\t\t\t\t<div class=\"elementor-element elementor-element-e1ec653 elementor-widget elementor-widget-heading\" data-id=\"e1ec653\" data-element_type=\"widget\" data-widget_type=\"heading.default\">\n\t\t\t\t<div class=\"elementor-widget-container\">\n\t\t\t\t\t<span class=\"elementor-heading-title elementor-size-default\">Somos una empresa dedicada a la fabricaci\u00f3n de productos pl\u00e1sticos.\n\nYa sea que tengas un emprendimiento o un negocio establecido, con nosotros podr\u00e1s encontrar variedad de productos pl\u00e1sticos.<\/span>\t\t\t\t<\/div>\n\t\t\t\t<\/div>\n\t\t\t\t<\/div>\n\t\t\t\t<\/div>\n\t\t<div class=\"elementor-element elementor-element-5afffec e-con-full e-flex e-con e-parent\" data-id=\"5afffec\" data-element_type=\"container\" data-settings=\"{&quot;background_background&quot;:&quot;classic&quot;}\">\n\t\t\t\t<\/div>\n\t\t\t\t<section class=\"elementor-section elementor-top-section elementor-element elementor-element-ad2b319 elementor-section-boxed elementor-section-height-default elementor-section-height-default\" data-id=\"ad2b319\" data-element_type=\"section\" data-settings=\"{&quot;background_background&quot;:&quot;classic&quot;}\">\n\t\t\t\t\t\t<div class=\"elementor-container elementor-column-gap-default\">\n\t\t\t\t\t<div class=\"elementor-column elementor-col-100 elementor-top-column elementor-element elementor-element-5d39513\" data-id=\"5d39513\" data-element_type=\"column\">\n\t\t\t<div class=\"elementor-widget-wrap elementor-element-populated\">\n\t\t\t\t\t\t<section class=\"elementor-section elementor-top-section elementor-element elementor-element-15a8b3c elementor-section-boxed elementor-section-height-default elementor-section-height-default\" data-id=\"15a8b3c\" data-element_type=\"section\" data-settings=\"{&quot;background_background&quot;:&quot;classic&quot;}\">\n\t\t\t\t\t\t<div class=\"elementor-container elementor-column-gap-no\">\n\t\t\t\t\t<div class=\"elementor-column elementor-col-100 elementor-top-column elementor-element elementor-element-2ec6c6c\" data-id=\"2ec6c6c\" data-element_type=\"column\">\n\t\t\t<div class=\"elementor-widget-wrap elementor-element-populated\">\n\t\t\t\t\t\t<div class=\"elementor-element elementor-element-e7c4b5b elementor-invisible elementor-widget elementor-widget-heading\" data-id=\"e7c4b5b\" data-element_type=\"widget\" data-settings=\"{&quot;_animation&quot;:&quot;fadeIn&quot;}\" data-widget_type=\"heading.default\">\n\t\t\t\t<div class=\"elementor-widget-container\">\n\t\t\t\t\t<h2 class=\"elementor-heading-title elementor-size-default\">Cultura <br> empresarial<\/h2>\t\t\t\t<\/div>\n\t\t\t\t<\/div>\n\t\t\t\t\t<\/div>\n\t\t<\/div>\n\t\t\t\t\t<\/div>\n\t\t<\/section>\n\t\t\t\t<section class=\"elementor-section elementor-inner-section elementor-element elementor-element-6c4c2f4 elementor-section-boxed elementor-section-height-default elementor-section-height-default\" data-id=\"6c4c2f4\" data-element_type=\"section\">\n\t\t\t\t\t\t<div class=\"elementor-container elementor-column-gap-no\">\n\t\t\t\t\t<div class=\"elementor-column elementor-col-33 elementor-inner-column elementor-element elementor-element-bd1a746\" data-id=\"bd1a746\" data-element_type=\"column\" data-settings=\"{&quot;background_background&quot;:&quot;gradient&quot;}\">\n\t\t\t<div class=\"elementor-widget-wrap elementor-element-populated\">\n\t\t\t\t\t\t<div class=\"elementor-element elementor-element-d9bc861 elementor-widget elementor-widget-image\" data-id=\"d9bc861\" data-element_type=\"widget\" data-widget_type=\"image.default\">\n\t\t\t\t<div class=\"elementor-widget-container\">\n\t\t\t\t\t\t\t\t\t\t\t\t\t\t\t<img decoding=\"async\" width=\"240\" height=\"240\" src=\"https:\/\/grupovnieto.com\/wp-content\/uploads\/2023\/10\/target.png\" class=\"attachment-large size-large wp-image-59\" alt=\"\" srcset=\"https:\/\/grupovnieto.com\/wp-content\/uploads\/2023\/10\/target.png 240w, https:\/\/grupovnieto.com\/wp-content\/uploads\/2023\/10\/target-150x150.png 150w\" sizes=\"(max-width: 240px) 100vw, 240px\" \/>\t\t\t\t\t\t\t\t\t\t\t\t\t\t\t<\/div>\n\t\t\t\t<\/div>\n\t\t\t\t<div class=\"elementor-element elementor-element-4f77885 elementor-invisible elementor-widget elementor-widget-heading\" data-id=\"4f77885\" data-element_type=\"widget\" data-settings=\"{&quot;_animation&quot;:&quot;fadeIn&quot;}\" data-widget_type=\"heading.default\">\n\t\t\t\t<div class=\"elementor-widget-container\">\n\t\t\t\t\t<h3 class=\"elementor-heading-title elementor-size-default\">Misi\u00f3n<\/h3>\t\t\t\t<\/div>\n\t\t\t\t<\/div>\n\t\t\t\t<div class=\"elementor-element elementor-element-749245c elementor-widget elementor-widget-text-editor\" data-id=\"749245c\" data-element_type=\"widget\" data-widget_type=\"text-editor.default\">\n\t\t\t\t<div class=\"elementor-widget-container\">\n\t\t\t\t\t\t\t\t\t<p>Somos una empresa manufacturera de productos pl\u00e1sticos y servicios integrales. Nuestro enfoque se centra en cumplir con los est\u00e1ndares de calidad y entrega oportuna para satisfacer las necesidades de nuestros clientes. Gestionamos nuestras operaciones de manera \u00e1gil y efectiva para lograr la rentabilidad esperada de la empresa.<\/p>\t\t\t\t\t\t\t\t<\/div>\n\t\t\t\t<\/div>\n\t\t\t\t\t<\/div>\n\t\t<\/div>\n\t\t\t\t<div class=\"elementor-column elementor-col-33 elementor-inner-column elementor-element elementor-element-9f348f4\" data-id=\"9f348f4\" data-element_type=\"column\" data-settings=\"{&quot;background_background&quot;:&quot;gradient&quot;}\">\n\t\t\t<div class=\"elementor-widget-wrap elementor-element-populated\">\n\t\t\t\t\t\t<div class=\"elementor-element elementor-element-735baf3 elementor-widget elementor-widget-image\" data-id=\"735baf3\" data-element_type=\"widget\" data-widget_type=\"image.default\">\n\t\t\t\t<div class=\"elementor-widget-container\">\n\t\t\t\t\t\t\t\t\t\t\t\t\t\t\t<img decoding=\"async\" width=\"240\" height=\"240\" src=\"https:\/\/grupovnieto.com\/wp-content\/uploads\/2023\/10\/heart-handshake.png\" class=\"attachment-large size-large wp-image-60\" alt=\"\" srcset=\"https:\/\/grupovnieto.com\/wp-content\/uploads\/2023\/10\/heart-handshake.png 240w, https:\/\/grupovnieto.com\/wp-content\/uploads\/2023\/10\/heart-handshake-150x150.png 150w\" sizes=\"(max-width: 240px) 100vw, 240px\" \/>\t\t\t\t\t\t\t\t\t\t\t\t\t\t\t<\/div>\n\t\t\t\t<\/div>\n\t\t\t\t<div class=\"elementor-element elementor-element-eccab80 elementor-invisible elementor-widget elementor-widget-heading\" data-id=\"eccab80\" data-element_type=\"widget\" data-settings=\"{&quot;_animation&quot;:&quot;fadeIn&quot;}\" data-widget_type=\"heading.default\">\n\t\t\t\t<div class=\"elementor-widget-container\">\n\t\t\t\t\t<h3 class=\"elementor-heading-title elementor-size-default\">Valores<\/h3>\t\t\t\t<\/div>\n\t\t\t\t<\/div>\n\t\t\t\t<div class=\"elementor-element elementor-element-16ff411 elementor-widget elementor-widget-text-editor\" data-id=\"16ff411\" data-element_type=\"widget\" data-widget_type=\"text-editor.default\">\n\t\t\t\t<div class=\"elementor-widget-container\">\n\t\t\t\t\t\t\t\t\t<ul>\n<li><strong>Integridad:<\/strong> Operamos de manera \u00e9tica en base a nuestro negocio.<\/li>\n<li><strong>Trato Justo:<\/strong> Reconocemos el desempe\u00f1o laboral del personal sin favoritismos, y la exigencia no est\u00e1 peleada con el buen trato.<\/li>\n<li><strong>Tolerancia:<\/strong> Respetamos ideolog\u00edas y creencias \u00e9tnicas, religiosas, pol\u00edticas y sociales.<\/li>\n<li><strong>Equidad:<\/strong> Ofrecemos un trato justo a todas las personas, respetando las particularidades de cada individuo.<\/li>\n<li><strong>Responsabilidad Social:<\/strong> Estamos comprometidos con el bienestar del personal y la sociedad de nuestros empleados.<\/li>\n<\/ul>\t\t\t\t\t\t\t\t<\/div>\n\t\t\t\t<\/div>\n\t\t\t\t\t<\/div>\n\t\t<\/div>\n\t\t\t\t<div class=\"elementor-column elementor-col-33 elementor-inner-column elementor-element elementor-element-b1e4989\" data-id=\"b1e4989\" data-element_type=\"column\" data-settings=\"{&quot;background_background&quot;:&quot;gradient&quot;}\">\n\t\t\t<div class=\"elementor-widget-wrap elementor-element-populated\">\n\t\t\t\t\t\t<div class=\"elementor-element elementor-element-011ad54 elementor-widget elementor-widget-image\" data-id=\"011ad54\" data-element_type=\"widget\" data-widget_type=\"image.default\">\n\t\t\t\t<div class=\"elementor-widget-container\">\n\t\t\t\t\t\t\t\t\t\t\t\t\t\t\t<img loading=\"lazy\" decoding=\"async\" width=\"240\" height=\"240\" src=\"https:\/\/grupovnieto.com\/wp-content\/uploads\/2023\/10\/eye.png\" class=\"attachment-large size-large wp-image-61\" alt=\"\" srcset=\"https:\/\/grupovnieto.com\/wp-content\/uploads\/2023\/10\/eye.png 240w, https:\/\/grupovnieto.com\/wp-content\/uploads\/2023\/10\/eye-150x150.png 150w\" sizes=\"(max-width: 240px) 100vw, 240px\" \/>\t\t\t\t\t\t\t\t\t\t\t\t\t\t\t<\/div>\n\t\t\t\t<\/div>\n\t\t\t\t<div class=\"elementor-element elementor-element-521025c elementor-invisible elementor-widget elementor-widget-heading\" data-id=\"521025c\" data-element_type=\"widget\" data-settings=\"{&quot;_animation&quot;:&quot;fadeIn&quot;}\" data-widget_type=\"heading.default\">\n\t\t\t\t<div class=\"elementor-widget-container\">\n\t\t\t\t\t<h1 class=\"elementor-heading-title elementor-size-default\">Visi\u00f3n <\/h1>\t\t\t\t<\/div>\n\t\t\t\t<\/div>\n\t\t\t\t<div class=\"elementor-element elementor-element-017f74a elementor-widget elementor-widget-text-editor\" data-id=\"017f74a\" data-element_type=\"widget\" data-widget_type=\"text-editor.default\">\n\t\t\t\t<div class=\"elementor-widget-container\">\n\t\t\t\t\t\t\t\t\t<p>Nuestro objetivo es ser reconocidos como una empresa manufacturera internacional l\u00edder en el sector de servicios integrales, especializados en la transformaci\u00f3n de pl\u00e1sticos y comprometidos en cumplir con las normativas y est\u00e1ndares internacionales.<\/p>\t\t\t\t\t\t\t\t<\/div>\n\t\t\t\t<\/div>\n\t\t\t\t\t<\/div>\n\t\t<\/div>\n\t\t\t\t\t<\/div>\n\t\t<\/section>\n\t\t\t\t\t<\/div>\n\t\t<\/div>\n\t\t\t\t\t<\/div>\n\t\t<\/section>\n\t\t\t\t<\/div>\n\t\t","protected":false},"excerpt":{"rendered":"<p>\u00bfQui\u00e9nes somos? Somos una empresa dedicada a la fabricaci\u00f3n de productos pl\u00e1sticos. Ya sea que tengas un emprendimiento o un negocio establecido, con nosotros podr\u00e1s encontrar variedad de productos pl\u00e1sticos. Cultura empresarial Misi\u00f3n Somos una empresa manufacturera de productos pl\u00e1sticos y servicios integrales. Nuestro enfoque se centra en cumplir con los est\u00e1ndares de calidad y &hellip;<\/p>\n<p class=\"read-more\"> <a class=\"\" href=\"https:\/\/grupovnieto.com\/?page_id=11\"> <span class=\"screen-reader-text\">Nosotros<\/span> Read More &raquo;<\/a><\/p>\n","protected":false},"author":1,"featured_media":0,"parent":0,"menu_order":0,"comment_status":"closed","ping_status":"closed","template":"elementor_header_footer","meta":{"site-sidebar-layout":"no-sidebar","site-content-layout":"","ast-site-content-layout":"full-width-container","site-content-style":"default","site-sidebar-style":"default","ast-global-header-display":"","ast-banner-title-visibility":"","ast-main-header-display":"","ast-hfb-above-header-display":"","ast-hfb-below-header-display":"","ast-hfb-mobile-header-display":"","site-post-title":"disabled","ast-breadcrumbs-content":"","ast-featured-img":"disabled","footer-sml-layout":"","theme-transparent-header-meta":"","adv-header-id-meta":"","stick-header-meta":"","header-above-stick-meta":"","header-main-stick-meta":"","header-below-stick-meta":"","astra-migrate-meta-layouts":"default","ast-page-background-enabled":"default","ast-page-background-meta":{"desktop":{"background-color":"var(--ast-global-color-4)","background-image":"","background-repeat":"repeat","background-position":"center center","background-size":"auto","background-attachment":"scroll","background-type":"","background-media":"","overlay-type":"","overlay-color":"","overlay-gradient":""},"tablet":{"background-color":"","background-image":"","background-repeat":"repeat","background-position":"center center","background-size":"auto","background-attachment":"scroll","background-type":"","background-media":"","overlay-type":"","overlay-color":"","overlay-gradient":""},"mobile":{"background-color":"","background-image":"","background-repeat":"repeat","background-position":"center center","background-size":"auto","background-attachment":"scroll","background-type":"","background-media":"","overlay-type":"","overlay-color":"","overlay-gradient":""}},"ast-content-background-meta":{"desktop":{"background-color":"var(--ast-global-color-5)","background-image":"","background-repeat":"repeat","background-position":"center center","background-size":"auto","background-attachment":"scroll","background-type":"","background-media":"","overlay-type":"","overlay-color":"","overlay-gradient":""},"tablet":{"background-color":"var(--ast-global-color-5)","background-image":"","background-repeat":"repeat","background-position":"center center","background-size":"auto","background-attachment":"scroll","background-type":"","background-media":"","overlay-type":"","overlay-color":"","overlay-gradient":""},"mobile":{"background-color":"var(--ast-global-color-5)","background-image":"","background-repeat":"repeat","background-position":"center center","background-size":"auto","background-attachment":"scroll","background-type":"","background-media":"","overlay-type":"","overlay-color":"","overlay-gradient":""}},"_joinchat":[],"footnotes":""},"class_list":["post-11","page","type-page","status-publish","hentry"],"_links":{"self":[{"href":"https:\/\/grupovnieto.com\/index.php?rest_route=\/wp\/v2\/pages\/11","targetHints":{"allow":["GET"]}}],"collection":[{"href":"https:\/\/grupovnieto.com\/index.php?rest_route=\/wp\/v2\/pages"}],"about":[{"href":"https:\/\/grupovnieto.com\/index.php?rest_route=\/wp\/v2\/types\/page"}],"author":[{"embeddable":true,"href":"https:\/\/grupovnieto.com\/index.php?rest_route=\/wp\/v2\/users\/1"}],"replies":[{"embeddable":true,"href":"https:\/\/grupovnieto.com\/index.php?rest_route=%2Fwp%2Fv2%2Fcomments&post=11"}],"version-history":[{"count":34,"href":"https:\/\/grupovnieto.com\/index.php?rest_route=\/wp\/v2\/pages\/11\/revisions"}],"predecessor-version":[{"id":673,"href":"https:\/\/grupovnieto.com\/index.php?rest_route=\/wp\/v2\/pages\/11\/revisions\/673"}],"wp:attachment":[{"href":"https:\/\/grupovnieto.com\/index.php?rest_route=%2Fwp%2Fv2%2Fmedia&parent=11"}],"curies":[{"name":"wp","href":"https:\/\/api.w.org\/{rel}","templated":true}]}}